{"id":474,"date":"2019-07-02T17:07:04","date_gmt":"2019-07-02T15:07:04","guid":{"rendered":"https:\/\/agriturismoacacia.com\/landwirtschaftlicher\/"},"modified":"2019-07-02T17:14:17","modified_gmt":"2019-07-02T15:14:17","slug":"anbau-aepfel-walnuesse-kastanien-bio-nationalpark-pollino","status":"publish","type":"page","link":"https:\/\/agriturismoacacia.com\/de\/anbau-aepfel-walnuesse-kastanien-bio-nationalpark-pollino\/","title":{"rendered":"Landwirtschaftlicher"},"content":{"rendered":"[vc_row type=&#8221;full_width_content&#8221; full_screen_row_position=&#8221;middle&#8221; equal_height=&#8221;yes&#8221; content_placement=&#8221;middle&#8221; scene_position=&#8221;center&#8221; text_color=&#8221;dark&#8221; text_align=&#8221;left&#8221; top_padding=&#8221;4%&#8221; bottom_padding=&#8221;4%&#8221; overlay_strength=&#8221;0.5&#8243; shape_divider_position=&#8221;bottom&#8221; bg_image_animation=&#8221;none&#8221; shape_type=&#8221;&#8221;][vc_column column_padding=&#8221;padding-4-percent&#8221; column_padding_position=&#8221;all&#8221; background_color_opacity=&#8221;1&#8243; background_hover_color_opacity=&#8221;1&#8243; column_link_target=&#8221;_self&#8221; column_shadow=&#8221;none&#8221; column_border_radius=&#8221;none&#8221; width=&#8221;1\/2&#8243; tablet_width_inherit=&#8221;default&#8221; tablet_text_alignment=&#8221;default&#8221; phone_text_alignment=&#8221;default&#8221; column_border_width=&#8221;none&#8221; column_border_style=&#8221;solid&#8221; bg_image_animation=&#8221;none&#8221;]<div class=\"divider-wrap\" data-alignment=\"default\"><div style=\"height: 25px;\" class=\"divider\"><\/div><\/div>[vc_custom_heading text=&#8221;Kleiner biologischer Anbau von \u00c4pfeln, Waln\u00fcssen und Kastanien&#8221; font_container=&#8221;tag:h1|text_align:left|color:%23333333&#8243; use_theme_fonts=&#8221;yes&#8221; el_class=&#8221;text-shadow-light&#8221;][vc_column_text]Acacia verf\u00fcgt \u00fcber etwa <strong>40 Hektar Land<\/strong>, <strong>darunter Obstg\u00e4rten<\/strong>, <strong>W\u00e4lder<\/strong>, <strong>Wiesen<\/strong> und <strong>Weiden<\/strong>. Wir bauen <strong>\u00c4pfel<\/strong>, <strong>Waln\u00fcsse<\/strong> und <strong>Kastanien<\/strong> in <strong>kleinen Mengen biologisch an<\/strong>. Die Ernte von \u00c4pfeln, Waln\u00fcssen und Kastanien ist f\u00fcr den Verkauf und die direkte Verarbeitung auf dem Bauernhof bestimmt. Unsere G\u00e4ste haben auch die M\u00f6glichkeit, das von uns angebaute Obst selbst zu pfl\u00fccken.[\/vc_column_text]<div class=\"divider-wrap\" data-alignment=\"default\"><div style=\"height: 25px;\" class=\"divider\"><\/div><\/div>[\/vc_column][vc_column centered_text=&#8221;true&#8221; column_padding=&#8221;no-extra-padding&#8221; column_padding_position=&#8221;all&#8221; background_color_opacity=&#8221;0.5&#8243; background_hover_color_opacity=&#8221;1&#8243; column_link_target=&#8221;_self&#8221; column_shadow=&#8221;none&#8221; column_border_radius=&#8221;none&#8221; width=&#8221;1\/2&#8243; tablet_width_inherit=&#8221;default&#8221; tablet_text_alignment=&#8221;default&#8221; phone_text_alignment=&#8221;default&#8221; column_border_width=&#8221;none&#8221; column_border_style=&#8221;solid&#8221; bg_image_animation=&#8221;none&#8221;]<div class=\"divider-wrap\" data-alignment=\"default\"><div style=\"height: 25px;\" class=\"divider\"><\/div><\/div>[vc_gallery type=&#8221;nectarslider_style&#8221; images=&#8221;293,299,302&#8243; flexible_slider_height=&#8221;true&#8221; bullet_navigation_style=&#8221;see_through_ar_visualized&#8221; onclick=&#8221;link_image&#8221; img_size=&#8221;800&#215;600&#8243;][\/vc_column][\/vc_row][vc_row type=&#8221;full_width_content&#8221; full_screen_row_position=&#8221;middle&#8221; bg_image=&#8221;314&#8243; bg_position=&#8221;center center&#8221; bg_repeat=&#8221;no-repeat&#8221; scene_position=&#8221;center&#8221; text_color=&#8221;dark&#8221; text_align=&#8221;left&#8221; top_padding=&#8221;6%&#8221; bottom_padding=&#8221;6%&#8221; class=&#8221;vc_hidden-sm vc_hidden-xs&#8221; color_overlay=&#8221;#cce4d4&#8243; overlay_strength=&#8221;0.5&#8243; shape_divider_position=&#8221;bottom&#8221; bg_image_animation=&#8221;none&#8221; parallax_bg=&#8221;true&#8221; parallax_bg_speed=&#8221;fixed&#8221; shape_type=&#8221;&#8221;][vc_column column_padding=&#8221;padding-4-percent&#8221; column_padding_position=&#8221;all&#8221; background_color_opacity=&#8221;1&#8243; background_hover_color_opacity=&#8221;1&#8243; column_link_target=&#8221;_self&#8221; column_shadow=&#8221;none&#8221; column_border_radius=&#8221;none&#8221; width=&#8221;1\/1&#8243; tablet_width_inherit=&#8221;default&#8221; tablet_text_alignment=&#8221;default&#8221; phone_text_alignment=&#8221;default&#8221; column_border_width=&#8221;none&#8221; column_border_style=&#8221;solid&#8221; bg_image_animation=&#8221;none&#8221;]<div class=\"divider-wrap\" data-alignment=\"default\"><div style=\"height: 64px;\" class=\"divider\"><\/div><\/div>[\/vc_column][\/vc_row][vc_row type=&#8221;full_width_content&#8221; full_screen_row_position=&#8221;middle&#8221; equal_height=&#8221;yes&#8221; content_placement=&#8221;middle&#8221; scene_position=&#8221;center&#8221; text_color=&#8221;dark&#8221; text_align=&#8221;left&#8221; top_padding=&#8221;4%&#8221; bottom_padding=&#8221;4%&#8221; overlay_strength=&#8221;0.5&#8243; shape_divider_position=&#8221;bottom&#8221; bg_image_animation=&#8221;none&#8221; shape_type=&#8221;&#8221;][vc_column centered_text=&#8221;true&#8221; column_padding=&#8221;no-extra-padding&#8221; column_padding_position=&#8221;all&#8221; background_color_opacity=&#8221;0.5&#8243; background_hover_color_opacity=&#8221;1&#8243; column_link_target=&#8221;_self&#8221; column_shadow=&#8221;none&#8221; column_border_radius=&#8221;none&#8221; width=&#8221;1\/2&#8243; tablet_width_inherit=&#8221;default&#8221; tablet_text_alignment=&#8221;default&#8221; phone_text_alignment=&#8221;default&#8221; column_border_width=&#8221;none&#8221; column_border_style=&#8221;solid&#8221; bg_image_animation=&#8221;none&#8221; offset=&#8221;vc_hidden-sm vc_hidden-xs&#8221;]<div class=\"divider-wrap\" data-alignment=\"default\"><div style=\"height: 25px;\" class=\"divider\"><\/div><\/div><div class=\"img-with-aniamtion-wrap center\" data-max-width=\"100%\" data-border-radius=\"none\"><div class=\"inner\"><a href=\"https:\/\/agriturismoacacia.com\/wp-content\/uploads\/2019\/06\/agriturismo_acacia_produzione_biologica_noci_mele_3.jpg\" class=\"pp center\"><img data-shadow=\"small_depth\" data-shadow-direction=\"middle\" class=\"img-with-animation skip-lazy \" data-delay=\"100\" height=\"1080\" width=\"1920\"  data-animation=\"fade-in\" src=\"https:\/\/agriturismoacacia.com\/wp-content\/uploads\/2019\/06\/agriturismo_acacia_produzione_biologica_noci_mele_3.jpg\" srcset=\"https:\/\/agriturismoacacia.com\/wp-content\/uploads\/2019\/06\/agriturismo_acacia_produzione_biologica_noci_mele_3.jpg 1920w, https:\/\/agriturismoacacia.com\/wp-content\/uploads\/2019\/06\/agriturismo_acacia_produzione_biologica_noci_mele_3-300x169.jpg 300w, https:\/\/agriturismoacacia.com\/wp-content\/uploads\/2019\/06\/agriturismo_acacia_produzione_biologica_noci_mele_3-768x432.jpg 768w, https:\/\/agriturismoacacia.com\/wp-content\/uploads\/2019\/06\/agriturismo_acacia_produzione_biologica_noci_mele_3-1024x576.jpg 1024w\" sizes=\"100vw\" alt=\"Agriturismo Acacia Produzione biologica di mele\" \/><\/a><\/div><\/div>[\/vc_column][vc_column column_padding=&#8221;padding-4-percent&#8221; column_padding_position=&#8221;all&#8221; background_color_opacity=&#8221;1&#8243; background_hover_color_opacity=&#8221;1&#8243; column_link_target=&#8221;_self&#8221; column_shadow=&#8221;none&#8221; column_border_radius=&#8221;none&#8221; width=&#8221;1\/2&#8243; tablet_width_inherit=&#8221;default&#8221; tablet_text_alignment=&#8221;default&#8221; phone_text_alignment=&#8221;default&#8221; column_border_width=&#8221;none&#8221; column_border_style=&#8221;solid&#8221; bg_image_animation=&#8221;none&#8221;]<div class=\"divider-wrap\" data-alignment=\"default\"><div style=\"height: 25px;\" class=\"divider\"><\/div><\/div>[vc_custom_heading text=&#8221;Wir folgen dem Rhythmus der Jahreszeiten, um im Einklang mit der Natur zu leben, die uns umgibt&#8221; font_container=&#8221;tag:h2|text_align:left|color:%23333333&#8243; use_theme_fonts=&#8221;yes&#8221; el_class=&#8221;text-shadow-light&#8221;][vc_column_text]Wir lassen der Natur freien Lauf und k\u00fcmmern uns selbst um Bodenpflege und Ernte. Den Baumschnitt \u00fcbernehmen erfahrene G\u00e4rtner im Dorf. Wir sind zwar keine geborenen Landwirte, doch wir bem\u00fchen uns jeden Tag, im Rhythmus der Jahreszeiten und im Einklang mit der Natur zu leben.[\/vc_column_text]<div class=\"divider-wrap\" data-alignment=\"default\"><div style=\"height: 25px;\" class=\"divider\"><\/div><\/div>[\/vc_column][\/vc_row][vc_row type=&#8221;full_width_content&#8221; full_screen_row_position=&#8221;middle&#8221; scene_position=&#8221;center&#8221; text_color=&#8221;dark&#8221; text_align=&#8221;left&#8221; overlay_strength=&#8221;0.3&#8243; shape_divider_position=&#8221;bottom&#8221; bg_image_animation=&#8221;none&#8221; shape_type=&#8221;&#8221;][vc_column column_padding=&#8221;no-extra-padding&#8221; column_padding_position=&#8221;all&#8221; background_color_opacity=&#8221;1&#8243; background_hover_color_opacity=&#8221;1&#8243; column_link_target=&#8221;_self&#8221; column_shadow=&#8221;none&#8221; column_border_radius=&#8221;none&#8221; width=&#8221;1\/1&#8243; tablet_width_inherit=&#8221;default&#8221; tablet_text_alignment=&#8221;default&#8221; phone_text_alignment=&#8221;default&#8221; column_border_width=&#8221;none&#8221; column_border_style=&#8221;solid&#8221; bg_image_animation=&#8221;none&#8221; offset=&#8221;vc_hidden-lg vc_hidden-md&#8221;]<div class=\"img-with-aniamtion-wrap center\" data-max-width=\"100%\" data-border-radius=\"none\"><div class=\"inner\"><a href=\"https:\/\/agriturismoacacia.com\/wp-content\/uploads\/2019\/06\/agriturismo_acacia_produzione_biologica_noci_mele_3.jpg\" class=\"pp center\"><img data-shadow=\"small_depth\" data-shadow-direction=\"middle\" class=\"img-with-animation skip-lazy \" data-delay=\"100\" height=\"1080\" width=\"1920\"  data-animation=\"fade-in\" src=\"https:\/\/agriturismoacacia.com\/wp-content\/uploads\/2019\/06\/agriturismo_acacia_produzione_biologica_noci_mele_3.jpg\" srcset=\"https:\/\/agriturismoacacia.com\/wp-content\/uploads\/2019\/06\/agriturismo_acacia_produzione_biologica_noci_mele_3.jpg 1920w, https:\/\/agriturismoacacia.com\/wp-content\/uploads\/2019\/06\/agriturismo_acacia_produzione_biologica_noci_mele_3-300x169.jpg 300w, https:\/\/agriturismoacacia.com\/wp-content\/uploads\/2019\/06\/agriturismo_acacia_produzione_biologica_noci_mele_3-768x432.jpg 768w, https:\/\/agriturismoacacia.com\/wp-content\/uploads\/2019\/06\/agriturismo_acacia_produzione_biologica_noci_mele_3-1024x576.jpg 1024w\" sizes=\"100vw\" alt=\"Agriturismo Acacia Produzione biologica di mele\" \/><\/a><\/div><\/div>[\/vc_column][\/vc_row][vc_row type=&#8221;in_container&#8221; full_screen_row_position=&#8221;middle&#8221; scene_position=&#8221;center&#8221; text_color=&#8221;light&#8221; text_align=&#8221;center&#8221; top_padding=&#8221;6%&#8221; bottom_padding=&#8221;6%&#8221; overlay_strength=&#8221;0.3&#8243; shape_divider_position=&#8221;bottom&#8221; bg_image_animation=&#8221;none&#8221; shape_type=&#8221;&#8221;][vc_column centered_text=&#8221;true&#8221; column_padding=&#8221;padding-4-percent&#8221; column_padding_position=&#8221;all&#8221; background_color=&#8221;#cce4d4&#8243; background_color_opacity=&#8221;0.7&#8243; background_hover_color_opacity=&#8221;1&#8243; background_image=&#8221;378&#8243; enable_bg_scale=&#8221;true&#8221; column_link_target=&#8221;_self&#8221; column_shadow=&#8221;small_depth&#8221; column_border_radius=&#8221;none&#8221; width=&#8221;1\/1&#8243; tablet_width_inherit=&#8221;default&#8221; tablet_text_alignment=&#8221;default&#8221; phone_text_alignment=&#8221;default&#8221; column_border_width=&#8221;none&#8221; column_border_style=&#8221;solid&#8221; bg_image_animation=&#8221;none&#8221;]<div class=\"divider-wrap\" data-alignment=\"default\"><div style=\"height: 25px;\" class=\"divider\"><\/div><\/div>[vc_custom_heading text=&#8221;Unsere K\u00fcche ist kreativ und saisonal&#8221; font_container=&#8221;tag:p|font_size:48px|text_align:center|line_height:48px&#8221; google_fonts=&#8221;font_family:Josefin%20Sans%3A100%2C100italic%2C300%2C300italic%2Cregular%2Citalic%2C600%2C600italic%2C700%2C700italic|font_style:400%20regular%3A400%3Anormal&#8221;][nectar_btn size=&#8221;large&#8221; button_style=&#8221;regular&#8221; button_color_2=&#8221;Extra-Color-1&#8243; icon_family=&#8221;none&#8221; url=&#8221;https:\/\/agriturismoacacia.com\/de\/entspannen-im-agriturismo-im-nationalpark-pollino\/#ristorante&#8221; text=&#8221;Erfahren Sie mehr&#8221;]<div class=\"divider-wrap\" data-alignment=\"default\"><div style=\"height: 25px;\" class=\"divider\"><\/div><\/div>[\/vc_column][\/vc_row]\n","protected":false},"excerpt":{"rendered":"<p>[vc_row type=&#8221;full_width_content&#8221; full_screen_row_position=&#8221;middle&#8221; equal_height=&#8221;yes&#8221; content_placement=&#8221;middle&#8221; scene_position=&#8221;center&#8221; text_color=&#8221;dark&#8221; text_align=&#8221;left&#8221; top_padding=&#8221;4%&#8221; bottom_padding=&#8221;4%&#8221; overlay_strength=&#8221;0.5&#8243; shape_divider_position=&#8221;bottom&#8221; bg_image_animation=&#8221;none&#8221; shape_type=&#8221;&#8221;][vc_column column_padding=&#8221;padding-4-percent&#8221; column_padding_position=&#8221;all&#8221; background_color_opacity=&#8221;1&#8243; background_hover_color_opacity=&#8221;1&#8243; column_link_target=&#8221;_self&#8221; column_shadow=&#8221;none&#8221; column_border_radius=&#8221;none&#8221; width=&#8221;1\/2&#8243; tablet_width_inherit=&#8221;default&#8221; tablet_text_alignment=&#8221;default&#8221; phone_text_alignment=&#8221;default&#8221; column_border_width=&#8221;none&#8221; column_border_style=&#8221;solid&#8221; bg_image_animation=&#8221;none&#8221;][vc_custom_heading text=&#8221;Kleiner biologischer&#8230;<\/p>\n","protected":false},"author":1,"featured_media":0,"parent":0,"menu_order":0,"comment_status":"closed","ping_status":"closed","template":"","meta":[],"yoast_head":"<!-- This site is optimized with the Yoast SEO plugin v18.1 - https:\/\/yoast.com\/wordpress\/plugins\/seo\/ -->\n<title>Biologischer Anbau von kleinen Mengen an \u00c4pfeln, Waln\u00fcssen und Kastanien - Agriturismo Acacia<\/title>\n<meta name=\"description\" content=\"Wir bauen kleine Mengen an \u00c4pfeln, Waln\u00fcssen und Kastanien ausschlie\u00dflich unter Verwendung biologischer Methoden an und verarbeiten diese nur bei Acacia.\" \/>\n<meta name=\"robots\" content=\"index, follow, max-snippet:-1, max-image-preview:large, max-video-preview:-1\" \/>\n<link rel=\"canonical\" href=\"https:\/\/agriturismoacacia.com\/de\/anbau-aepfel-walnuesse-kastanien-bio-nationalpark-pollino\/\" \/>\n<meta property=\"og:locale\" content=\"de_DE\" \/>\n<meta property=\"og:type\" content=\"article\" \/>\n<meta property=\"og:title\" content=\"Biologischer Anbau von kleinen Mengen an \u00c4pfeln, Waln\u00fcssen und Kastanien - Agriturismo Acacia\" \/>\n<meta property=\"og:description\" content=\"Wir bauen kleine Mengen an \u00c4pfeln, Waln\u00fcssen und Kastanien ausschlie\u00dflich unter Verwendung biologischer Methoden an und verarbeiten diese nur bei Acacia.\" \/>\n<meta property=\"og:url\" content=\"https:\/\/agriturismoacacia.com\/de\/anbau-aepfel-walnuesse-kastanien-bio-nationalpark-pollino\/\" \/>\n<meta property=\"og:site_name\" content=\"Agriturismo Acacia\" \/>\n<meta property=\"article:modified_time\" content=\"2019-07-02T15:14:17+00:00\" \/>\n<meta name=\"twitter:card\" content=\"summary_large_image\" \/>\n<meta name=\"twitter:label1\" content=\"Gesch\u00e4tzte Lesezeit\" \/>\n\t<meta name=\"twitter:data1\" content=\"5 Minuten\" \/>\n<script type=\"application\/ld+json\" class=\"yoast-schema-graph\">{\"@context\":\"https:\/\/schema.org\",\"@graph\":[{\"@type\":\"WebSite\",\"@id\":\"https:\/\/agriturismoacacia.com\/de\/#website\",\"url\":\"https:\/\/agriturismoacacia.com\/de\/\",\"name\":\"Agriturismo Acacia\",\"description\":\"Natura, tradizioni e gastronomia da scoprire\",\"potentialAction\":[{\"@type\":\"SearchAction\",\"target\":{\"@type\":\"EntryPoint\",\"urlTemplate\":\"https:\/\/agriturismoacacia.com\/de\/?s={search_term_string}\"},\"query-input\":\"required name=search_term_string\"}],\"inLanguage\":\"de-DE\"},{\"@type\":\"WebPage\",\"@id\":\"https:\/\/agriturismoacacia.com\/de\/anbau-aepfel-walnuesse-kastanien-bio-nationalpark-pollino\/#webpage\",\"url\":\"https:\/\/agriturismoacacia.com\/de\/anbau-aepfel-walnuesse-kastanien-bio-nationalpark-pollino\/\",\"name\":\"Biologischer Anbau von kleinen Mengen an \u00c4pfeln, Waln\u00fcssen und Kastanien - Agriturismo Acacia\",\"isPartOf\":{\"@id\":\"https:\/\/agriturismoacacia.com\/de\/#website\"},\"datePublished\":\"2019-07-02T15:07:04+00:00\",\"dateModified\":\"2019-07-02T15:14:17+00:00\",\"description\":\"Wir bauen kleine Mengen an \u00c4pfeln, Waln\u00fcssen und Kastanien ausschlie\u00dflich unter Verwendung biologischer Methoden an und verarbeiten diese nur bei Acacia.\",\"breadcrumb\":{\"@id\":\"https:\/\/agriturismoacacia.com\/de\/anbau-aepfel-walnuesse-kastanien-bio-nationalpark-pollino\/#breadcrumb\"},\"inLanguage\":\"de-DE\",\"potentialAction\":[{\"@type\":\"ReadAction\",\"target\":[\"https:\/\/agriturismoacacia.com\/de\/anbau-aepfel-walnuesse-kastanien-bio-nationalpark-pollino\/\"]}]},{\"@type\":\"BreadcrumbList\",\"@id\":\"https:\/\/agriturismoacacia.com\/de\/anbau-aepfel-walnuesse-kastanien-bio-nationalpark-pollino\/#breadcrumb\",\"itemListElement\":[{\"@type\":\"ListItem\",\"position\":1,\"name\":\"Home\",\"item\":\"https:\/\/agriturismoacacia.com\/de\/\"},{\"@type\":\"ListItem\",\"position\":2,\"name\":\"Landwirtschaftlicher\"}]}]}<\/script>\n<!-- \/ Yoast SEO plugin. -->","yoast_head_json":{"title":"Biologischer Anbau von kleinen Mengen an \u00c4pfeln, Waln\u00fcssen und Kastanien - Agriturismo Acacia","description":"Wir bauen kleine Mengen an \u00c4pfeln, Waln\u00fcssen und Kastanien ausschlie\u00dflich unter Verwendung biologischer Methoden an und verarbeiten diese nur bei Acacia.","robots":{"index":"index","follow":"follow","max-snippet":"max-snippet:-1","max-image-preview":"max-image-preview:large","max-video-preview":"max-video-preview:-1"},"canonical":"https:\/\/agriturismoacacia.com\/de\/anbau-aepfel-walnuesse-kastanien-bio-nationalpark-pollino\/","og_locale":"de_DE","og_type":"article","og_title":"Biologischer Anbau von kleinen Mengen an \u00c4pfeln, Waln\u00fcssen und Kastanien - Agriturismo Acacia","og_description":"Wir bauen kleine Mengen an \u00c4pfeln, Waln\u00fcssen und Kastanien ausschlie\u00dflich unter Verwendung biologischer Methoden an und verarbeiten diese nur bei Acacia.","og_url":"https:\/\/agriturismoacacia.com\/de\/anbau-aepfel-walnuesse-kastanien-bio-nationalpark-pollino\/","og_site_name":"Agriturismo Acacia","article_modified_time":"2019-07-02T15:14:17+00:00","twitter_card":"summary_large_image","twitter_misc":{"Gesch\u00e4tzte Lesezeit":"5 Minuten"},"schema":{"@context":"https:\/\/schema.org","@graph":[{"@type":"WebSite","@id":"https:\/\/agriturismoacacia.com\/de\/#website","url":"https:\/\/agriturismoacacia.com\/de\/","name":"Agriturismo Acacia","description":"Natura, tradizioni e gastronomia da scoprire","potentialAction":[{"@type":"SearchAction","target":{"@type":"EntryPoint","urlTemplate":"https:\/\/agriturismoacacia.com\/de\/?s={search_term_string}"},"query-input":"required name=search_term_string"}],"inLanguage":"de-DE"},{"@type":"WebPage","@id":"https:\/\/agriturismoacacia.com\/de\/anbau-aepfel-walnuesse-kastanien-bio-nationalpark-pollino\/#webpage","url":"https:\/\/agriturismoacacia.com\/de\/anbau-aepfel-walnuesse-kastanien-bio-nationalpark-pollino\/","name":"Biologischer Anbau von kleinen Mengen an \u00c4pfeln, Waln\u00fcssen und Kastanien - Agriturismo Acacia","isPartOf":{"@id":"https:\/\/agriturismoacacia.com\/de\/#website"},"datePublished":"2019-07-02T15:07:04+00:00","dateModified":"2019-07-02T15:14:17+00:00","description":"Wir bauen kleine Mengen an \u00c4pfeln, Waln\u00fcssen und Kastanien ausschlie\u00dflich unter Verwendung biologischer Methoden an und verarbeiten diese nur bei Acacia.","breadcrumb":{"@id":"https:\/\/agriturismoacacia.com\/de\/anbau-aepfel-walnuesse-kastanien-bio-nationalpark-pollino\/#breadcrumb"},"inLanguage":"de-DE","potentialAction":[{"@type":"ReadAction","target":["https:\/\/agriturismoacacia.com\/de\/anbau-aepfel-walnuesse-kastanien-bio-nationalpark-pollino\/"]}]},{"@type":"BreadcrumbList","@id":"https:\/\/agriturismoacacia.com\/de\/anbau-aepfel-walnuesse-kastanien-bio-nationalpark-pollino\/#breadcrumb","itemListElement":[{"@type":"ListItem","position":1,"name":"Home","item":"https:\/\/agriturismoacacia.com\/de\/"},{"@type":"ListItem","position":2,"name":"Landwirtschaftlicher"}]}]}},"_links":{"self":[{"href":"https:\/\/agriturismoacacia.com\/de\/wp-json\/wp\/v2\/pages\/474"}],"collection":[{"href":"https:\/\/agriturismoacacia.com\/de\/wp-json\/wp\/v2\/pages"}],"about":[{"href":"https:\/\/agriturismoacacia.com\/de\/wp-json\/wp\/v2\/types\/page"}],"author":[{"embeddable":true,"href":"https:\/\/agriturismoacacia.com\/de\/wp-json\/wp\/v2\/users\/1"}],"replies":[{"embeddable":true,"href":"https:\/\/agriturismoacacia.com\/de\/wp-json\/wp\/v2\/comments?post=474"}],"version-history":[{"count":0,"href":"https:\/\/agriturismoacacia.com\/de\/wp-json\/wp\/v2\/pages\/474\/revisions"}],"wp:attachment":[{"href":"https:\/\/agriturismoacacia.com\/de\/wp-json\/wp\/v2\/media?parent=474"}],"curies":[{"name":"wp","href":"https:\/\/api.w.org\/{rel}","templated":true}]}}