{"id":464,"date":"2019-07-02T16:21:13","date_gmt":"2019-07-02T14:21:13","guid":{"rendered":"https:\/\/agriturismoacacia.com\/kontaktiere-uns\/"},"modified":"2019-07-02T16:21:14","modified_gmt":"2019-07-02T14:21:14","slug":"kontaktiere-uns","status":"publish","type":"page","link":"https:\/\/agriturismoacacia.com\/de\/kontaktiere-uns\/","title":{"rendered":"Kontaktiere Uns"},"content":{"rendered":"[vc_row type=&#8221;in_container&#8221; full_screen_row_position=&#8221;middle&#8221; scene_position=&#8221;center&#8221; text_color=&#8221;dark&#8221; text_align=&#8221;left&#8221; overlay_strength=&#8221;0.3&#8243; shape_divider_position=&#8221;bottom&#8221; bg_image_animation=&#8221;none&#8221;][vc_column column_padding=&#8221;padding-3-percent&#8221; column_padding_position=&#8221;all&#8221; background_color_opacity=&#8221;1&#8243; background_hover_color_opacity=&#8221;1&#8243; column_link_target=&#8221;_self&#8221; column_shadow=&#8221;none&#8221; column_border_radius=&#8221;none&#8221; width=&#8221;1\/2&#8243; tablet_width_inherit=&#8221;default&#8221; tablet_text_alignment=&#8221;default&#8221; phone_text_alignment=&#8221;default&#8221; column_border_width=&#8221;none&#8221; column_border_style=&#8221;solid&#8221; bg_image_animation=&#8221;none&#8221;][vc_custom_heading text=&#8221;Kontaktiere Uns&#8221; font_container=&#8221;tag:h1|text_align:left&#8221; use_theme_fonts=&#8221;yes&#8221;][vc_column_text]\n<p class=\"western\"><strong>Agriturismo Acacia<\/strong><br \/>\n<strong>di Scutari Ginfranca<\/strong><\/p>\n<p class=\"western\">C.da Martorino 1,<br \/>\n85030 San Costantino Albanese (PZ).<\/p>\n<p class=\"western\" align=\"left\">Gin: <a style=\"color: #333; font-weight: bold;\" href=\"tel:00393400952976\">+39 340 095 2976<\/a><br \/>\nMaurizio <a style=\"color: #333; font-weight: bold;\" href=\"tel:00393356816394\">+39 335 681 6394<\/a><br \/>\nEmail: <a style=\"color: #333; font-weight: bold;\" href=\"mailto:info@agriturismoacacia.com\">info@agriturismoacacia.com<\/a><\/p>\n<p class=\"western\" lang=\"de-DE\">Sie finden uns auf <a style=\"color: #333; font-weight: bold;\" href=\"https:\/\/www.facebook.com\/agriturismoacacia\/?utm_source=agriturismoacacia.com&amp;utm_medium=referral\" target=\"_blank\" rel=\"noopener noreferrer\">Facebook<\/a> und <a style=\"color: #333; font-weight: bold;\" href=\"https:\/\/www.tripadvisor.it\/Hotel_Review-g2292007-d15574723-Reviews-Agriturismo_Acacia-San_Costantino_Albanese_Province_of_Potenza_Basilicata.html\" target=\"_blank\" rel=\"noopener noreferrer\">Tripadvisor<\/a>.<\/p>\n<blockquote><p>&nbsp;<\/p><\/blockquote>\n[\/vc_column_text][\/vc_column][vc_column column_padding=&#8221;no-extra-padding&#8221; column_padding_position=&#8221;all&#8221; background_color_opacity=&#8221;1&#8243; background_hover_color_opacity=&#8221;1&#8243; column_link_target=&#8221;_self&#8221; column_shadow=&#8221;none&#8221; column_border_radius=&#8221;none&#8221; width=&#8221;1\/2&#8243; tablet_width_inherit=&#8221;default&#8221; tablet_text_alignment=&#8221;default&#8221; phone_text_alignment=&#8221;default&#8221; column_border_width=&#8221;none&#8221; column_border_style=&#8221;solid&#8221; bg_image_animation=&#8221;none&#8221;]<div role=\"form\" class=\"wpcf7\" id=\"wpcf7-f463-o1\" lang=\"it-IT\" dir=\"ltr\">\n<div class=\"screen-reader-response\"><p role=\"status\" aria-live=\"polite\" aria-atomic=\"true\"><\/p> <ul><\/ul><\/div>\n<form action=\"\/de\/wp-json\/wp\/v2\/pages\/464#wpcf7-f463-o1\" method=\"post\" class=\"wpcf7-form init\" novalidate=\"novalidate\" data-status=\"init\">\n<div style=\"display: none;\">\n<input type=\"hidden\" name=\"_wpcf7\" value=\"463\" \/>\n<input type=\"hidden\" name=\"_wpcf7_version\" value=\"5.3.2\" \/>\n<input type=\"hidden\" name=\"_wpcf7_locale\" value=\"it_IT\" \/>\n<input type=\"hidden\" name=\"_wpcf7_unit_tag\" value=\"wpcf7-f463-o1\" \/>\n<input type=\"hidden\" name=\"_wpcf7_container_post\" value=\"0\" \/>\n<input type=\"hidden\" name=\"_wpcf7_posted_data_hash\" value=\"\" \/>\n<input type=\"hidden\" name=\"_wpcf7_recaptcha_response\" value=\"\" \/>\n<\/div>\n<p><label> Ihr Name (erforderlich)<br \/>\n    <span class=\"wpcf7-form-control-wrap your-name\"><input type=\"text\" name=\"your-name\" value=\"\" size=\"40\" class=\"wpcf7-form-control wpcf7-text wpcf7-validates-as-required\" aria-required=\"true\" aria-invalid=\"false\" \/><\/span> <\/label><\/p>\n<p><label> Ihre Email (erforderlich)<br \/>\n    <span class=\"wpcf7-form-control-wrap your-email\"><input type=\"email\" name=\"your-email\" value=\"\" size=\"40\" class=\"wpcf7-form-control wpcf7-text wpcf7-email wpcf7-validates-as-required wpcf7-validates-as-email\" aria-required=\"true\" aria-invalid=\"false\" \/><\/span> <\/label><\/p>\n<p><label> Ihre Telefonnummer (erforderlich)<br \/>\n    <span class=\"wpcf7-form-control-wrap phone\"><input type=\"tel\" name=\"phone\" value=\"\" size=\"40\" class=\"wpcf7-form-control wpcf7-text wpcf7-tel wpcf7-validates-as-tel\" aria-invalid=\"false\" \/><\/span> <\/label><\/p>\n<p><label> Ihre Nachricht (erforderlich)<br \/>\n    <span class=\"wpcf7-form-control-wrap your-message\"><textarea name=\"your-message\" cols=\"40\" rows=\"10\" class=\"wpcf7-form-control wpcf7-textarea wpcf7-validates-as-required\" aria-required=\"true\" aria-invalid=\"false\"><\/textarea><\/span> <\/label><\/p>\n<p><span class=\"wpcf7-form-control-wrap privacy\"><span class=\"wpcf7-form-control wpcf7-acceptance\"><span class=\"wpcf7-list-item\"><label><input type=\"checkbox\" name=\"privacy\" value=\"1\" aria-invalid=\"false\" \/><span class=\"wpcf7-list-item-label\">Ich akzeptiere die Bedingungen zur Datenverarbeitung gem\u00e4\u00df der <a href=\"https:\/\/www.iubenda.com\/privacy-policy\/87162223\" class=\"no-ajaxy iubenda-nostyle no-brand iubenda-embed\" title=\"Privacy Policy\">Datenschutzerkl\u00e4rung<\/a><\/span><\/label><\/span><\/span><\/span><\/p>\n<p><input type=\"submit\" value=\"Senden\" class=\"wpcf7-form-control wpcf7-submit\" \/><\/p>\n<div class=\"wpcf7-response-output\" aria-hidden=\"true\"><\/div><\/form><\/div>[\/vc_column][\/vc_row][vc_row type=&#8221;full_width_content&#8221; full_screen_row_position=&#8221;middle&#8221; equal_height=&#8221;yes&#8221; content_placement=&#8221;middle&#8221; scene_position=&#8221;center&#8221; text_color=&#8221;dark&#8221; text_align=&#8221;left&#8221; overlay_strength=&#8221;0.3&#8243; shape_divider_position=&#8221;bottom&#8221; bg_image_animation=&#8221;none&#8221; shape_type=&#8221;&#8221;][vc_column column_padding=&#8221;no-extra-padding&#8221; column_padding_position=&#8221;all&#8221; background_color_opacity=&#8221;1&#8243; background_hover_color_opacity=&#8221;1&#8243; column_link_target=&#8221;_self&#8221; column_shadow=&#8221;none&#8221; column_border_radius=&#8221;none&#8221; width=&#8221;1\/2&#8243; tablet_width_inherit=&#8221;default&#8221; tablet_text_alignment=&#8221;default&#8221; phone_text_alignment=&#8221;default&#8221; column_border_width=&#8221;none&#8221; column_border_style=&#8221;solid&#8221; bg_image_animation=&#8221;none&#8221;]<div class=\"img-with-aniamtion-wrap center\" data-max-width=\"100%\" data-border-radius=\"none\"><div class=\"inner\"><img data-shadow=\"small_depth\" data-shadow-direction=\"middle\" class=\"img-with-animation skip-lazy \" data-delay=\"0\" height=\"1080\" width=\"1920\"  data-animation=\"fade-in\" src=\"https:\/\/agriturismoacacia.com\/wp-content\/uploads\/2019\/06\/acacia_agriturismo_come_raggiungerci.jpg\" srcset=\"https:\/\/agriturismoacacia.com\/wp-content\/uploads\/2019\/06\/acacia_agriturismo_come_raggiungerci.jpg 1920w, https:\/\/agriturismoacacia.com\/wp-content\/uploads\/2019\/06\/acacia_agriturismo_come_raggiungerci-300x169.jpg 300w, https:\/\/agriturismoacacia.com\/wp-content\/uploads\/2019\/06\/acacia_agriturismo_come_raggiungerci-768x432.jpg 768w, https:\/\/agriturismoacacia.com\/wp-content\/uploads\/2019\/06\/acacia_agriturismo_come_raggiungerci-1024x576.jpg 1024w\" sizes=\"100vw\" alt=\"Come raggiungere Agriturismo Acacia\" \/><\/div><\/div>[\/vc_column][vc_column column_padding=&#8221;padding-7-percent&#8221; column_padding_position=&#8221;all&#8221; background_color_opacity=&#8221;1&#8243; background_hover_color_opacity=&#8221;1&#8243; column_link_target=&#8221;_self&#8221; column_shadow=&#8221;none&#8221; column_border_radius=&#8221;none&#8221; width=&#8221;1\/2&#8243; tablet_width_inherit=&#8221;default&#8221; tablet_text_alignment=&#8221;default&#8221; phone_text_alignment=&#8221;default&#8221; column_border_width=&#8221;none&#8221; column_border_style=&#8221;solid&#8221; bg_image_animation=&#8221;none&#8221;][vc_custom_heading text=&#8221;Wie Sie uns finden&#8221; use_theme_fonts=&#8221;yes&#8221;][vc_column_text]\n<p class=\"western\"><span style=\"color: #000000;\"><span lang=\"de-DE\">Wenn Sie <\/span><\/span><span style=\"color: #000000;\"><span lang=\"de-DE\"><b>aus<\/b><\/span><\/span><span style=\"color: #000000;\"><span lang=\"de-DE\"> Richtung <\/span><\/span><span style=\"color: #000000;\"><span lang=\"de-DE\"><b>Salerno<\/b><\/span><\/span><span style=\"color: #000000;\"><span lang=\"de-DE\"> kommen: Fahren Sie auf der Autobahn SA-RC bis zur Ausfahrt Lauria Nord. Nehmen Sie anschlie\u00dfend die S.S. Sinnica bis Senise und dann die S.P. Sarmentana bis San Costantino Albanese.<\/span><\/span><\/p>\n<p class=\"western\"><span style=\"color: #000000;\"><span lang=\"de-DE\">Wenn Sie <\/span><\/span><span style=\"color: #000000;\"><span lang=\"de-DE\"><b>aus Bari-Matera-Lecce-Brindisi<\/b><\/span><\/span><span style=\"color: #000000;\"><span lang=\"de-DE\"> und <\/span><\/span><span style=\"color: #000000;\"><span lang=\"de-DE\"><b>Taranto<\/b><\/span><\/span><span style=\"color: #000000;\"><span lang=\"de-DE\"> kommen: Nehmen Sie die S.S. Ionica 106 bis km I nach Policoro, und nehmen Sie anschlie\u00dfend die Sinnica. <\/span><\/span><span style=\"color: #000000;\">Nach Valsinni biegen Sie rechts in die Sarmentana Richtung Val Sarmento\/Terranova del Pollino-San Costantino Albanese ein.<\/span><\/p>\n<p class=\"western\"><span style=\"color: #000000;\"><span lang=\"de-DE\">Wenn Sie aus <\/span><\/span><span style=\"color: #000000;\"><span lang=\"de-DE\"><b>Kalabrien\/Sizilien<\/b><\/span><\/span><span style=\"color: #000000;\"><span lang=\"de-DE\"> kommen, nehmen Sie die SA-RC bis zur Kreuzung Lauria Nord und fahren Sie anschlie\u00dfend weiter \u00fcber Sinnica nach Senise und dann \u00fcber Sarmentana nach San Costantino Albanese.<\/span><\/span><\/p>\n<p class=\"western\"><span style=\"color: #000000;\"><span lang=\"de-DE\">Wenn Sie aus <\/span><\/span><span style=\"color: #000000;\"><span lang=\"de-DE\"><b>Potenza-Foggia<\/b><\/span><\/span><span style=\"color: #000000;\"><span lang=\"de-DE\"> kommen: Nehmen Sie die S.S. 407 Basentana in Richtung Metaponto. Nach Policoro nehmen Sie die Sinnica. Nach Valsinni nehmen Sie die Sarmentana auf der rechten Seite in Richtung Terranova del Pollino-San Costantino Albanese.<\/span><\/span><\/p>\n<p class=\"western\"><span style=\"color: #000000;\"><span lang=\"de-DE\"><b>Im Dorf<\/b><\/span><\/span><span style=\"color: #000000;\"><span lang=\"de-DE\"> angekommen, biegen Sie an der Tankstelle links ab und fahren 4,5 km weiter nach Piano Battaglia, auf dem Kamm eines offenen H\u00fcgels. An der Gabelung rechts abbiegen, an der dritten Kurve finden Sie uns auf der linken Seite.<\/span><\/span><\/p>\n[\/vc_column_text][\/vc_column][\/vc_row]\n","protected":false},"excerpt":{"rendered":"<p>[vc_row type=&#8221;in_container&#8221; full_screen_row_position=&#8221;middle&#8221; scene_position=&#8221;center&#8221; text_color=&#8221;dark&#8221; text_align=&#8221;left&#8221; overlay_strength=&#8221;0.3&#8243; shape_divider_position=&#8221;bottom&#8221; bg_image_animation=&#8221;none&#8221;][vc_column column_padding=&#8221;padding-3-percent&#8221; column_padding_position=&#8221;all&#8221; background_color_opacity=&#8221;1&#8243; background_hover_color_opacity=&#8221;1&#8243; column_link_target=&#8221;_self&#8221; column_shadow=&#8221;none&#8221; column_border_radius=&#8221;none&#8221; width=&#8221;1\/2&#8243; tablet_width_inherit=&#8221;default&#8221; tablet_text_alignment=&#8221;default&#8221; phone_text_alignment=&#8221;default&#8221; column_border_width=&#8221;none&#8221; column_border_style=&#8221;solid&#8221; bg_image_animation=&#8221;none&#8221;][vc_custom_heading text=&#8221;Kontaktiere Uns&#8221; font_container=&#8221;tag:h1|text_align:left&#8221; use_theme_fonts=&#8221;yes&#8221;][vc_column_text] Agriturismo Acacia di&#8230;<\/p>\n","protected":false},"author":1,"featured_media":0,"parent":0,"menu_order":0,"comment_status":"closed","ping_status":"closed","template":"","meta":[],"yoast_head":"<!-- This site is optimized with the Yoast SEO plugin v18.1 - https:\/\/yoast.com\/wordpress\/plugins\/seo\/ -->\n<title>Kontaktiere Uns - Agriturismo Acacia<\/title>\n<meta name=\"robots\" content=\"noindex, nofollow\" \/>\n<meta property=\"og:locale\" content=\"de_DE\" \/>\n<meta property=\"og:type\" content=\"article\" \/>\n<meta property=\"og:title\" content=\"Kontaktiere Uns - Agriturismo Acacia\" \/>\n<meta property=\"og:description\" content=\"[vc_row type=&#8221;in_container&#8221; full_screen_row_position=&#8221;middle&#8221; scene_position=&#8221;center&#8221; text_color=&#8221;dark&#8221; text_align=&#8221;left&#8221; overlay_strength=&#8221;0.3&#8243; shape_divider_position=&#8221;bottom&#8221; bg_image_animation=&#8221;none&#8221;][vc_column column_padding=&#8221;padding-3-percent&#8221; column_padding_position=&#8221;all&#8221; background_color_opacity=&#8221;1&#8243; background_hover_color_opacity=&#8221;1&#8243; column_link_target=&#8221;_self&#8221; column_shadow=&#8221;none&#8221; column_border_radius=&#8221;none&#8221; width=&#8221;1\/2&#8243; tablet_width_inherit=&#8221;default&#8221; tablet_text_alignment=&#8221;default&#8221; phone_text_alignment=&#8221;default&#8221; column_border_width=&#8221;none&#8221; column_border_style=&#8221;solid&#8221; bg_image_animation=&#8221;none&#8221;][vc_custom_heading text=&#8221;Kontaktiere Uns&#8221; font_container=&#8221;tag:h1|text_align:left&#8221; use_theme_fonts=&#8221;yes&#8221;][vc_column_text] Agriturismo Acacia di...\" \/>\n<meta property=\"og:url\" content=\"https:\/\/agriturismoacacia.com\/de\/kontaktiere-uns\/\" \/>\n<meta property=\"og:site_name\" content=\"Agriturismo Acacia\" \/>\n<meta property=\"article:modified_time\" content=\"2019-07-02T14:21:14+00:00\" \/>\n<meta name=\"twitter:card\" content=\"summary_large_image\" \/>\n<meta name=\"twitter:label1\" content=\"Gesch\u00e4tzte Lesezeit\" \/>\n\t<meta name=\"twitter:data1\" content=\"3 Minuten\" \/>\n<script type=\"application\/ld+json\" class=\"yoast-schema-graph\">{\"@context\":\"https:\/\/schema.org\",\"@graph\":[{\"@type\":\"WebSite\",\"@id\":\"https:\/\/agriturismoacacia.com\/de\/#website\",\"url\":\"https:\/\/agriturismoacacia.com\/de\/\",\"name\":\"Agriturismo Acacia\",\"description\":\"Natura, tradizioni e gastronomia da scoprire\",\"potentialAction\":[{\"@type\":\"SearchAction\",\"target\":{\"@type\":\"EntryPoint\",\"urlTemplate\":\"https:\/\/agriturismoacacia.com\/de\/?s={search_term_string}\"},\"query-input\":\"required name=search_term_string\"}],\"inLanguage\":\"de-DE\"},{\"@type\":\"WebPage\",\"@id\":\"https:\/\/agriturismoacacia.com\/de\/kontaktiere-uns\/#webpage\",\"url\":\"https:\/\/agriturismoacacia.com\/de\/kontaktiere-uns\/\",\"name\":\"Kontaktiere Uns - Agriturismo Acacia\",\"isPartOf\":{\"@id\":\"https:\/\/agriturismoacacia.com\/de\/#website\"},\"datePublished\":\"2019-07-02T14:21:13+00:00\",\"dateModified\":\"2019-07-02T14:21:14+00:00\",\"breadcrumb\":{\"@id\":\"https:\/\/agriturismoacacia.com\/de\/kontaktiere-uns\/#breadcrumb\"},\"inLanguage\":\"de-DE\",\"potentialAction\":[{\"@type\":\"ReadAction\",\"target\":[\"https:\/\/agriturismoacacia.com\/de\/kontaktiere-uns\/\"]}]},{\"@type\":\"BreadcrumbList\",\"@id\":\"https:\/\/agriturismoacacia.com\/de\/kontaktiere-uns\/#breadcrumb\",\"itemListElement\":[{\"@type\":\"ListItem\",\"position\":1,\"name\":\"Home\",\"item\":\"https:\/\/agriturismoacacia.com\/de\/\"},{\"@type\":\"ListItem\",\"position\":2,\"name\":\"Kontaktiere Uns\"}]}]}<\/script>\n<!-- \/ Yoast SEO plugin. -->","yoast_head_json":{"title":"Kontaktiere Uns - Agriturismo Acacia","robots":{"index":"noindex","follow":"nofollow"},"og_locale":"de_DE","og_type":"article","og_title":"Kontaktiere Uns - Agriturismo Acacia","og_description":"[vc_row type=&#8221;in_container&#8221; full_screen_row_position=&#8221;middle&#8221; scene_position=&#8221;center&#8221; text_color=&#8221;dark&#8221; text_align=&#8221;left&#8221; overlay_strength=&#8221;0.3&#8243; shape_divider_position=&#8221;bottom&#8221; bg_image_animation=&#8221;none&#8221;][vc_column column_padding=&#8221;padding-3-percent&#8221; column_padding_position=&#8221;all&#8221; background_color_opacity=&#8221;1&#8243; background_hover_color_opacity=&#8221;1&#8243; column_link_target=&#8221;_self&#8221; column_shadow=&#8221;none&#8221; column_border_radius=&#8221;none&#8221; width=&#8221;1\/2&#8243; tablet_width_inherit=&#8221;default&#8221; tablet_text_alignment=&#8221;default&#8221; phone_text_alignment=&#8221;default&#8221; column_border_width=&#8221;none&#8221; column_border_style=&#8221;solid&#8221; bg_image_animation=&#8221;none&#8221;][vc_custom_heading text=&#8221;Kontaktiere Uns&#8221; font_container=&#8221;tag:h1|text_align:left&#8221; use_theme_fonts=&#8221;yes&#8221;][vc_column_text] Agriturismo Acacia di...","og_url":"https:\/\/agriturismoacacia.com\/de\/kontaktiere-uns\/","og_site_name":"Agriturismo Acacia","article_modified_time":"2019-07-02T14:21:14+00:00","twitter_card":"summary_large_image","twitter_misc":{"Gesch\u00e4tzte Lesezeit":"3 Minuten"},"schema":{"@context":"https:\/\/schema.org","@graph":[{"@type":"WebSite","@id":"https:\/\/agriturismoacacia.com\/de\/#website","url":"https:\/\/agriturismoacacia.com\/de\/","name":"Agriturismo Acacia","description":"Natura, tradizioni e gastronomia da scoprire","potentialAction":[{"@type":"SearchAction","target":{"@type":"EntryPoint","urlTemplate":"https:\/\/agriturismoacacia.com\/de\/?s={search_term_string}"},"query-input":"required name=search_term_string"}],"inLanguage":"de-DE"},{"@type":"WebPage","@id":"https:\/\/agriturismoacacia.com\/de\/kontaktiere-uns\/#webpage","url":"https:\/\/agriturismoacacia.com\/de\/kontaktiere-uns\/","name":"Kontaktiere Uns - Agriturismo Acacia","isPartOf":{"@id":"https:\/\/agriturismoacacia.com\/de\/#website"},"datePublished":"2019-07-02T14:21:13+00:00","dateModified":"2019-07-02T14:21:14+00:00","breadcrumb":{"@id":"https:\/\/agriturismoacacia.com\/de\/kontaktiere-uns\/#breadcrumb"},"inLanguage":"de-DE","potentialAction":[{"@type":"ReadAction","target":["https:\/\/agriturismoacacia.com\/de\/kontaktiere-uns\/"]}]},{"@type":"BreadcrumbList","@id":"https:\/\/agriturismoacacia.com\/de\/kontaktiere-uns\/#breadcrumb","itemListElement":[{"@type":"ListItem","position":1,"name":"Home","item":"https:\/\/agriturismoacacia.com\/de\/"},{"@type":"ListItem","position":2,"name":"Kontaktiere Uns"}]}]}},"_links":{"self":[{"href":"https:\/\/agriturismoacacia.com\/de\/wp-json\/wp\/v2\/pages\/464"}],"collection":[{"href":"https:\/\/agriturismoacacia.com\/de\/wp-json\/wp\/v2\/pages"}],"about":[{"href":"https:\/\/agriturismoacacia.com\/de\/wp-json\/wp\/v2\/types\/page"}],"author":[{"embeddable":true,"href":"https:\/\/agriturismoacacia.com\/de\/wp-json\/wp\/v2\/users\/1"}],"replies":[{"embeddable":true,"href":"https:\/\/agriturismoacacia.com\/de\/wp-json\/wp\/v2\/comments?post=464"}],"version-history":[{"count":0,"href":"https:\/\/agriturismoacacia.com\/de\/wp-json\/wp\/v2\/pages\/464\/revisions"}],"wp:attachment":[{"href":"https:\/\/agriturismoacacia.com\/de\/wp-json\/wp\/v2\/media?parent=464"}],"curies":[{"name":"wp","href":"https:\/\/api.w.org\/{rel}","templated":true}]}}