{"id":451,"date":"2019-07-02T15:35:04","date_gmt":"2019-07-02T13:35:04","guid":{"rendered":"https:\/\/agriturismoacacia.com\/home-de\/"},"modified":"2019-07-02T17:09:44","modified_gmt":"2019-07-02T15:09:44","slug":"home-de","status":"publish","type":"page","link":"https:\/\/agriturismoacacia.com\/de\/","title":{"rendered":"Home (DE)"},"content":{"rendered":"[vc_row type=&#8221;full_width_content&#8221; full_screen_row_position=&#8221;middle&#8221; equal_height=&#8221;yes&#8221; content_placement=&#8221;middle&#8221; scene_position=&#8221;center&#8221; text_color=&#8221;light&#8221; text_align=&#8221;left&#8221; top_padding=&#8221;3%&#8221; bottom_padding=&#8221;3%&#8221; class=&#8221;vc_hidden-lg vc_hidden-md&#8221; overlay_strength=&#8221;0.3&#8243; shape_divider_position=&#8221;bottom&#8221; bg_image_animation=&#8221;none&#8221; shape_type=&#8221;&#8221;][vc_column column_padding=&#8221;padding-4-percent&#8221; column_padding_position=&#8221;all&#8221; background_color_opacity=&#8221;1&#8243; background_hover_color_opacity=&#8221;1&#8243; column_link_target=&#8221;_self&#8221; column_shadow=&#8221;none&#8221; column_border_radius=&#8221;none&#8221; width=&#8221;1\/2&#8243; tablet_width_inherit=&#8221;default&#8221; tablet_text_alignment=&#8221;default&#8221; phone_text_alignment=&#8221;default&#8221; column_border_width=&#8221;none&#8221; column_border_style=&#8221;solid&#8221; bg_image_animation=&#8221;none&#8221;][vc_custom_heading text=&#8221;Natur, lokale Traditionen und Gaumenfreuden im Herzen des Nationalparks Pollino.&#8221; font_container=&#8221;tag:h2|text_align:left|color:%23333333&#8243; google_fonts=&#8221;font_family:Josefin%20Sans%3A100%2C100italic%2C300%2C300italic%2Cregular%2Citalic%2C600%2C600italic%2C700%2C700italic|font_style:400%20regular%3A400%3Anormal&#8221; el_class=&#8221;text-shadow&#8221;][vc_custom_heading text=&#8221;Agriturismo Acacia&#8221; font_container=&#8221;tag:h2|text_align:left|color:%23333333&#8243; google_fonts=&#8221;font_family:Josefin%20Sans%3A100%2C100italic%2C300%2C300italic%2Cregular%2Citalic%2C600%2C600italic%2C700%2C700italic|font_style:300%20light%20regular%3A300%3Anormal&#8221; el_class=&#8221;text-shadow&#8221;]<div class=\"divider-wrap\" data-alignment=\"default\"><div style=\"height: 25px;\" class=\"divider\"><\/div><\/div><div class=\"divider-wrap\" data-alignment=\"default\"><div style=\"height: 25px;\" class=\"divider\"><\/div><\/div>[\/vc_column][vc_column centered_text=&#8221;true&#8221; column_padding=&#8221;no-extra-padding&#8221; column_padding_position=&#8221;all&#8221; background_color_opacity=&#8221;1&#8243; background_hover_color_opacity=&#8221;1&#8243; column_link_target=&#8221;_self&#8221; column_shadow=&#8221;none&#8221; column_border_radius=&#8221;none&#8221; width=&#8221;1\/2&#8243; tablet_width_inherit=&#8221;default&#8221; tablet_text_alignment=&#8221;default&#8221; phone_text_alignment=&#8221;default&#8221; column_border_width=&#8221;none&#8221; column_border_style=&#8221;solid&#8221; bg_image_animation=&#8221;none&#8221;]<div class=\"divider-wrap\" data-alignment=\"default\"><div style=\"height: 25px;\" class=\"divider\"><\/div><\/div><div class=\"img-with-aniamtion-wrap center\" data-max-width=\"100%\" data-border-radius=\"none\"><div class=\"inner\"><a href=\"https:\/\/agriturismoacacia.com\/wp-content\/uploads\/2019\/06\/agriturismo_acacia_rilassarsi_a_potenza.jpg\" class=\"pp center\"><img data-shadow=\"small_depth\" data-shadow-direction=\"middle\" class=\"img-with-animation skip-lazy \" data-delay=\"100\" height=\"1080\" width=\"1920\"  data-animation=\"fade-in\" src=\"https:\/\/agriturismoacacia.com\/wp-content\/uploads\/2019\/06\/agriturismo_acacia_rilassarsi_a_potenza.jpg\" srcset=\"https:\/\/agriturismoacacia.com\/wp-content\/uploads\/2019\/06\/agriturismo_acacia_rilassarsi_a_potenza.jpg 1920w, https:\/\/agriturismoacacia.com\/wp-content\/uploads\/2019\/06\/agriturismo_acacia_rilassarsi_a_potenza-300x169.jpg 300w, https:\/\/agriturismoacacia.com\/wp-content\/uploads\/2019\/06\/agriturismo_acacia_rilassarsi_a_potenza-768x432.jpg 768w, https:\/\/agriturismoacacia.com\/wp-content\/uploads\/2019\/06\/agriturismo_acacia_rilassarsi_a_potenza-1024x576.jpg 1024w\" sizes=\"100vw\" alt=\"Agriturismo Acacia relax e verde nel mezzo del Parco Nazionale del Pollino\" \/><\/a><\/div><\/div>[\/vc_column][\/vc_row][vc_row type=&#8221;full_width_content&#8221; full_screen_row_position=&#8221;middle&#8221; equal_height=&#8221;yes&#8221; content_placement=&#8221;middle&#8221; bg_image=&#8221;165&#8243; bg_position=&#8221;center center&#8221; bg_repeat=&#8221;no-repeat&#8221; scene_position=&#8221;center&#8221; video_bg=&#8221;use_video&#8221; video_mp4=&#8221;https:\/\/agriturismoacacia.com\/wp-content\/uploads\/2019\/06\/acacia_video_home_low.m4v&#8221; text_color=&#8221;light&#8221; text_align=&#8221;left&#8221; class=&#8221;vc_hidden-sm vc_hidden-xs&#8221; color_overlay=&#8221;#333333&#8243; overlay_strength=&#8221;0.3&#8243; shape_divider_position=&#8221;bottom&#8221; bg_image_animation=&#8221;none&#8221; parallax_bg=&#8221;true&#8221; parallax_bg_speed=&#8221;slow&#8221; shape_type=&#8221;&#8221;][vc_column column_padding=&#8221;padding-8-percent&#8221; column_padding_position=&#8221;all&#8221; background_color_opacity=&#8221;1&#8243; background_hover_color_opacity=&#8221;1&#8243; column_link_target=&#8221;_self&#8221; column_shadow=&#8221;none&#8221; column_border_radius=&#8221;none&#8221; width=&#8221;1\/1&#8243; tablet_width_inherit=&#8221;default&#8221; tablet_text_alignment=&#8221;default&#8221; phone_text_alignment=&#8221;default&#8221; column_border_width=&#8221;none&#8221; column_border_style=&#8221;solid&#8221; bg_image_animation=&#8221;none&#8221; offset=&#8221;vc_hidden-sm vc_hidden-xs&#8221;][vc_row_inner equal_height=&#8221;yes&#8221; content_placement=&#8221;middle&#8221; column_margin=&#8221;default&#8221; top_padding=&#8221;4%&#8221; bottom_padding=&#8221;4%&#8221; text_align=&#8221;left&#8221;][vc_column_inner column_padding=&#8221;padding-4-percent&#8221; column_padding_position=&#8221;all&#8221; background_color=&#8221;#ffffff&#8221; background_color_opacity=&#8221;1&#8243; background_hover_color_opacity=&#8221;1&#8243; column_shadow=&#8221;small_depth&#8221; column_border_radius=&#8221;none&#8221; column_link_target=&#8221;_self&#8221; width=&#8221;1\/2&#8243; tablet_width_inherit=&#8221;default&#8221; column_border_width=&#8221;none&#8221; column_border_style=&#8221;solid&#8221; bg_image_animation=&#8221;none&#8221;][vc_custom_heading text=&#8221;Natur, lokale Traditionen und Gaumenfreuden im Herzen des Nationalparks Pollino.&#8221; font_container=&#8221;tag:h2|text_align:left|color:%23333333&#8243; google_fonts=&#8221;font_family:Josefin%20Sans%3A100%2C100italic%2C300%2C300italic%2Cregular%2Citalic%2C600%2C600italic%2C700%2C700italic|font_style:400%20regular%3A400%3Anormal&#8221; el_class=&#8221;text-shadow&#8221;][vc_custom_heading text=&#8221;Agriturismo Acacia&#8221; font_container=&#8221;tag:h2|text_align:left|color:%23333333&#8243; google_fonts=&#8221;font_family:Josefin%20Sans%3A100%2C100italic%2C300%2C300italic%2Cregular%2Citalic%2C600%2C600italic%2C700%2C700italic|font_style:300%20light%20regular%3A300%3Anormal&#8221; el_class=&#8221;text-shadow&#8221;]<div class=\"divider-wrap\" data-alignment=\"default\"><div style=\"height: 25px;\" class=\"divider\"><\/div><\/div>[nectar_btn size=&#8221;large&#8221; button_style=&#8221;regular&#8221; button_color_2=&#8221;Accent-Color&#8221; solid_text_color_override=&#8221;#333333&#8243; icon_family=&#8221;none&#8221; url=&#8221;#more&#8221; text=&#8221;Erfahren Sie mehr&#8221;][\/vc_column_inner][vc_column_inner column_padding=&#8221;padding-2-percent&#8221; column_padding_position=&#8221;all&#8221; centered_text=&#8221;true&#8221; background_color_opacity=&#8221;1&#8243; background_hover_color_opacity=&#8221;1&#8243; column_shadow=&#8221;none&#8221; column_border_radius=&#8221;none&#8221; column_link_target=&#8221;_self&#8221; width=&#8221;1\/2&#8243; tablet_width_inherit=&#8221;default&#8221; column_border_width=&#8221;none&#8221; column_border_style=&#8221;solid&#8221; bg_image_animation=&#8221;none&#8221;][\/vc_column_inner][\/vc_row_inner][\/vc_column][\/vc_row][vc_row type=&#8221;full_width_content&#8221; full_screen_row_position=&#8221;middle&#8221; equal_height=&#8221;yes&#8221; content_placement=&#8221;middle&#8221; scene_position=&#8221;center&#8221; text_color=&#8221;dark&#8221; text_align=&#8221;left&#8221; top_padding=&#8221;5%&#8221; bottom_padding=&#8221;5%&#8221; id=&#8221;more&#8221; overlay_strength=&#8221;0.3&#8243; shape_divider_position=&#8221;bottom&#8221; bg_image_animation=&#8221;none&#8221; shape_type=&#8221;&#8221;][vc_column column_padding=&#8221;no-extra-padding&#8221; column_padding_position=&#8221;all&#8221; background_color_opacity=&#8221;1&#8243; background_hover_color_opacity=&#8221;1&#8243; column_link_target=&#8221;_self&#8221; column_shadow=&#8221;none&#8221; column_border_radius=&#8221;none&#8221; width=&#8221;1\/1&#8243; tablet_width_inherit=&#8221;default&#8221; tablet_text_alignment=&#8221;default&#8221; phone_text_alignment=&#8221;default&#8221; column_border_width=&#8221;none&#8221; column_border_style=&#8221;solid&#8221; bg_image_animation=&#8221;none&#8221;]<div class=\"divider-wrap\" data-alignment=\"default\"><div style=\"height: 25px;\" class=\"divider\"><\/div><\/div>[vc_row_inner equal_height=&#8221;yes&#8221; content_placement=&#8221;middle&#8221; column_margin=&#8221;default&#8221; text_align=&#8221;left&#8221;][vc_column_inner column_padding=&#8221;no-extra-padding&#8221; column_padding_position=&#8221;all&#8221; background_color_opacity=&#8221;1&#8243; background_hover_color_opacity=&#8221;1&#8243; column_shadow=&#8221;none&#8221; column_border_radius=&#8221;none&#8221; column_link_target=&#8221;_self&#8221; width=&#8221;1\/2&#8243; tablet_width_inherit=&#8221;default&#8221; column_border_width=&#8221;none&#8221; column_border_style=&#8221;solid&#8221; bg_image_animation=&#8221;none&#8221; offset=&#8221;vc_hidden-sm vc_hidden-xs&#8221;]<div class=\"img-with-aniamtion-wrap center\" data-max-width=\"100%\" data-border-radius=\"none\"><div class=\"inner\"><img data-shadow=\"small_depth\" data-shadow-direction=\"middle\" class=\"img-with-animation skip-lazy \" data-delay=\"100\" height=\"1080\" width=\"1920\"  data-animation=\"fade-in\" src=\"https:\/\/agriturismoacacia.com\/wp-content\/uploads\/2019\/06\/agriturismo_acacia_riconnttere_se_stessi.jpg\" srcset=\"https:\/\/agriturismoacacia.com\/wp-content\/uploads\/2019\/06\/agriturismo_acacia_riconnttere_se_stessi.jpg 1920w, https:\/\/agriturismoacacia.com\/wp-content\/uploads\/2019\/06\/agriturismo_acacia_riconnttere_se_stessi-300x169.jpg 300w, https:\/\/agriturismoacacia.com\/wp-content\/uploads\/2019\/06\/agriturismo_acacia_riconnttere_se_stessi-768x432.jpg 768w, https:\/\/agriturismoacacia.com\/wp-content\/uploads\/2019\/06\/agriturismo_acacia_riconnttere_se_stessi-1024x576.jpg 1024w\" sizes=\"100vw\" alt=\"Agriturismo Acacia posto dove riconnette se stessi\" \/><\/div><\/div>[\/vc_column_inner][vc_column_inner column_padding=&#8221;padding-5-percent&#8221; column_padding_position=&#8221;all&#8221; background_color_opacity=&#8221;1&#8243; background_hover_color_opacity=&#8221;1&#8243; column_shadow=&#8221;none&#8221; column_border_radius=&#8221;none&#8221; column_link_target=&#8221;_self&#8221; width=&#8221;1\/2&#8243; tablet_width_inherit=&#8221;default&#8221; column_border_width=&#8221;none&#8221; column_border_style=&#8221;solid&#8221; bg_image_animation=&#8221;none&#8221;][vc_custom_heading text=&#8221;Wo Sie wieder ganz zu sich selbst finden&#8221; use_theme_fonts=&#8221;yes&#8221; el_class=&#8221;text-shadow&#8221;][vc_column_text]\n<p class=\"western\" lang=\"de-DE\">Acacia ist genau das Richtige f\u00fcr anspruchsvolle Reisende. Wir bieten Ihnen Gastfreundschaft und den idealen Ausgangspunkt, um die kaum bekannten Natursch\u00e4tze des Pollino Nationalparks zu entdecken.<\/p>\n[\/vc_column_text][nectar_btn size=&#8221;large&#8221; button_style=&#8221;regular&#8221; button_color_2=&#8221;Accent-Color&#8221; solid_text_color_override=&#8221;#333333&#8243; icon_family=&#8221;none&#8221; url=&#8221;https:\/\/agriturismoacacia.com\/de\/uber-uns\/&#8221; text=&#8221;Wir stellen uns vor&#8221;]<div class=\"divider-wrap\" data-alignment=\"default\"><div style=\"height: 25px;\" class=\"divider\"><\/div><\/div>[\/vc_column_inner][\/vc_row_inner]<div class=\"divider-wrap\" data-alignment=\"default\"><div style=\"height: 25px;\" class=\"divider\"><\/div><\/div>[\/vc_column][\/vc_row][vc_row type=&#8221;full_width_background&#8221; full_screen_row_position=&#8221;middle&#8221; equal_height=&#8221;yes&#8221; content_placement=&#8221;middle&#8221; bg_image=&#8221;142&#8243; bg_position=&#8221;center center&#8221; bg_repeat=&#8221;no-repeat&#8221; scene_position=&#8221;center&#8221; text_color=&#8221;light&#8221; text_align=&#8221;left&#8221; top_padding=&#8221;6%&#8221; bottom_padding=&#8221;6%&#8221; color_overlay=&#8221;#cce4d4&#8243; overlay_strength=&#8221;0.8&#8243; shape_divider_position=&#8221;bottom&#8221; bg_image_animation=&#8221;fade-in&#8221; parallax_bg=&#8221;true&#8221; parallax_bg_speed=&#8221;fixed&#8221; shape_type=&#8221;&#8221;][vc_column centered_text=&#8221;true&#8221; column_padding=&#8221;padding-1-percent&#8221; column_padding_position=&#8221;all&#8221; background_color_opacity=&#8221;1&#8243; background_hover_color_opacity=&#8221;1&#8243; column_link_target=&#8221;_self&#8221; column_shadow=&#8221;none&#8221; column_border_radius=&#8221;none&#8221; width=&#8221;1\/1&#8243; tablet_width_inherit=&#8221;default&#8221; tablet_text_alignment=&#8221;default&#8221; phone_text_alignment=&#8221;default&#8221; column_border_width=&#8221;none&#8221; column_border_style=&#8221;solid&#8221; bg_image_animation=&#8221;none&#8221;]<div class=\"divider-wrap\" data-alignment=\"default\"><div style=\"height: 25px;\" class=\"divider\"><\/div><\/div>[vc_custom_heading text=&#8221;Ein Urlaub ganz im Zeichen der Erholung und im Einklang mit der Natur&#8221; font_container=&#8221;tag:h2|text_align:center|color:%232e3131&#8243; use_theme_fonts=&#8221;yes&#8221; el_class=&#8221;text-shadow&#8221;]<div class=\"divider-wrap\" data-alignment=\"default\"><div style=\"height: 25px;\" class=\"divider\"><\/div><\/div>[vc_custom_heading text=&#8221;cacia liegt 4 Kilometer von San Costantino Albanese entfernt, auf der lukanischen Seite des Nationalparks Pollino, auf 900 Meter \u00fcber dem Meeresspiegel. Diese Gegend hat noch ihren l\u00e4ndlichen Charakter bewahrt und ist von einem langsamen und einfachen Leben gepr\u00e4gt, das sich eingebettet in eine urspr\u00fcngliche Naturlandschaft weit weg von der Hektik des modernen Lebens abspielt.&#8221; font_container=&#8221;tag:p|font_size:24px|text_align:center|color:%232e3131|line_height:28px&#8221; google_fonts=&#8221;font_family:Josefin%20Sans%3A100%2C100italic%2C300%2C300italic%2Cregular%2Citalic%2C600%2C600italic%2C700%2C700italic|font_style:400%20regular%3A400%3Anormal&#8221; el_class=&#8221;text-shadow&#8221;][nectar_btn size=&#8221;large&#8221; button_style=&#8221;regular&#8221; button_color_2=&#8221;Extra-Color-1&#8243; icon_family=&#8221;none&#8221; url=&#8221;https:\/\/agriturismoacacia.com\/de\/entspannen-im-agriturismo-im-nationalpark-pollino\/&#8221; text=&#8221;Entdecken Sie unseren Agriturismo&#8221;]<div class=\"divider-wrap\" data-alignment=\"default\"><div style=\"height: 25px;\" class=\"divider\"><\/div><\/div>[\/vc_column][\/vc_row][vc_row type=&#8221;full_width_content&#8221; full_screen_row_position=&#8221;middle&#8221; equal_height=&#8221;yes&#8221; content_placement=&#8221;middle&#8221; scene_position=&#8221;center&#8221; text_color=&#8221;dark&#8221; text_align=&#8221;left&#8221; top_padding=&#8221;5%&#8221; bottom_padding=&#8221;5%&#8221; id=&#8221;more&#8221; overlay_strength=&#8221;0.3&#8243; shape_divider_position=&#8221;bottom&#8221; bg_image_animation=&#8221;none&#8221; shape_type=&#8221;&#8221;][vc_column column_padding=&#8221;padding-5-percent&#8221; column_padding_position=&#8221;all&#8221; background_color_opacity=&#8221;1&#8243; background_hover_color_opacity=&#8221;1&#8243; column_link_target=&#8221;_self&#8221; column_shadow=&#8221;none&#8221; column_border_radius=&#8221;none&#8221; width=&#8221;1\/2&#8243; tablet_width_inherit=&#8221;default&#8221; tablet_text_alignment=&#8221;default&#8221; phone_text_alignment=&#8221;default&#8221; column_border_width=&#8221;none&#8221; column_border_style=&#8221;solid&#8221; bg_image_animation=&#8221;none&#8221;][vc_custom_heading text=&#8221;Wir pflegen Landschaft und Natur im Rhythmus der Jahreszeiten&#8221; use_theme_fonts=&#8221;yes&#8221; el_class=&#8221;text-shadow&#8221;][vc_column_text]Wir produzieren kleine Mengen an <strong>\u00c4pfeln<\/strong>, <strong>Waln\u00fcssen<\/strong> und <strong>Esskastanien gem\u00e4\u00df<\/strong> den <strong>Prinzipien des biologischen Landbaus<\/strong>. Wir k\u00fcmmern uns um Bodenpflege und Obsternte und lassen dabei der Natur freien Lauf.[\/vc_column_text][nectar_btn size=&#8221;large&#8221; button_style=&#8221;regular&#8221; button_color_2=&#8221;Accent-Color&#8221; solid_text_color_override=&#8221;#333333&#8243; icon_family=&#8221;none&#8221; url=&#8221;https:\/\/agriturismoacacia.com\/de\/anbau-aepfel-walnuesse-kastanien-bio-nationalpark-pollino\/&#8221; text=&#8221;Erfahren Sie mehr&#8221;]<div class=\"divider-wrap\" data-alignment=\"default\"><div style=\"height: 25px;\" class=\"divider\"><\/div><\/div>[\/vc_column][vc_column column_padding=&#8221;no-extra-padding&#8221; column_padding_position=&#8221;all&#8221; background_color_opacity=&#8221;1&#8243; background_hover_color_opacity=&#8221;1&#8243; column_link_target=&#8221;_self&#8221; column_shadow=&#8221;none&#8221; column_border_radius=&#8221;none&#8221; width=&#8221;1\/2&#8243; tablet_width_inherit=&#8221;default&#8221; tablet_text_alignment=&#8221;default&#8221; phone_text_alignment=&#8221;default&#8221; column_border_width=&#8221;none&#8221; column_border_style=&#8221;solid&#8221; bg_image_animation=&#8221;none&#8221; offset=&#8221;vc_hidden-sm vc_hidden-xs&#8221;]<div class=\"img-with-aniamtion-wrap center\" data-max-width=\"100%\" data-border-radius=\"none\"><div class=\"inner\"><img data-shadow=\"small_depth\" data-shadow-direction=\"middle\" class=\"img-with-animation skip-lazy \" data-delay=\"100\" height=\"563\" width=\"1000\"  data-animation=\"fade-in\" src=\"https:\/\/agriturismoacacia.com\/wp-content\/uploads\/2019\/06\/acacia_azienda_agricola_miele_noci_biologica.jpg\" srcset=\"https:\/\/agriturismoacacia.com\/wp-content\/uploads\/2019\/06\/acacia_azienda_agricola_miele_noci_biologica.jpg 1000w, https:\/\/agriturismoacacia.com\/wp-content\/uploads\/2019\/06\/acacia_azienda_agricola_miele_noci_biologica-300x169.jpg 300w, https:\/\/agriturismoacacia.com\/wp-content\/uploads\/2019\/06\/acacia_azienda_agricola_miele_noci_biologica-768x432.jpg 768w\" sizes=\"100vw\" alt=\"\" \/><\/div><\/div>[\/vc_column][\/vc_row]\n","protected":false},"excerpt":{"rendered":"<p>[vc_row type=&#8221;full_width_content&#8221; full_screen_row_position=&#8221;middle&#8221; equal_height=&#8221;yes&#8221; content_placement=&#8221;middle&#8221; scene_position=&#8221;center&#8221; text_color=&#8221;light&#8221; text_align=&#8221;left&#8221; top_padding=&#8221;3%&#8221; bottom_padding=&#8221;3%&#8221; class=&#8221;vc_hidden-lg vc_hidden-md&#8221; overlay_strength=&#8221;0.3&#8243; shape_divider_position=&#8221;bottom&#8221; bg_image_animation=&#8221;none&#8221; shape_type=&#8221;&#8221;][vc_column column_padding=&#8221;padding-4-percent&#8221; column_padding_position=&#8221;all&#8221; background_color_opacity=&#8221;1&#8243; background_hover_color_opacity=&#8221;1&#8243; column_link_target=&#8221;_self&#8221; column_shadow=&#8221;none&#8221; column_border_radius=&#8221;none&#8221; width=&#8221;1\/2&#8243; tablet_width_inherit=&#8221;default&#8221; tablet_text_alignment=&#8221;default&#8221; phone_text_alignment=&#8221;default&#8221; column_border_width=&#8221;none&#8221; column_border_style=&#8221;solid&#8221; bg_image_animation=&#8221;none&#8221;][vc_custom_heading&#8230;<\/p>\n","protected":false},"author":1,"featured_media":0,"parent":0,"menu_order":0,"comment_status":"closed","ping_status":"closed","template":"","meta":[],"yoast_head":"<!-- This site is optimized with the Yoast SEO plugin v18.1 - https:\/\/yoast.com\/wordpress\/plugins\/seo\/ -->\n<title>Agriturismo im Nationalpark Pollino - Agriturismo Acacia<\/title>\n<meta name=\"description\" content=\"Agriturismo im Nationalpark Pollino. Entdecken Sie lokale Traditionen und Gaumenfreuden und entspannen Sie sich, um wieder ganz zu sich selbst zu finden. In der N\u00e4he von Potenza.\" \/>\n<meta name=\"robots\" content=\"index, follow, max-snippet:-1, max-image-preview:large, max-video-preview:-1\" \/>\n<link rel=\"canonical\" href=\"https:\/\/agriturismoacacia.com\/de\/\" \/>\n<meta property=\"og:locale\" content=\"de_DE\" \/>\n<meta property=\"og:type\" content=\"article\" \/>\n<meta property=\"og:title\" content=\"Agriturismo im Nationalpark Pollino - Agriturismo Acacia\" \/>\n<meta property=\"og:description\" content=\"Agriturismo im Nationalpark Pollino. Entdecken Sie lokale Traditionen und Gaumenfreuden und entspannen Sie sich, um wieder ganz zu sich selbst zu finden. In der N\u00e4he von Potenza.\" \/>\n<meta property=\"og:url\" content=\"https:\/\/agriturismoacacia.com\/de\/\" \/>\n<meta property=\"og:site_name\" content=\"Agriturismo Acacia\" \/>\n<meta property=\"article:modified_time\" content=\"2019-07-02T15:09:44+00:00\" \/>\n<meta name=\"twitter:card\" content=\"summary_large_image\" \/>\n<meta name=\"twitter:label1\" content=\"Gesch\u00e4tzte Lesezeit\" \/>\n\t<meta name=\"twitter:data1\" content=\"8 Minuten\" \/>\n<script type=\"application\/ld+json\" class=\"yoast-schema-graph\">{\"@context\":\"https:\/\/schema.org\",\"@graph\":[{\"@type\":\"WebSite\",\"@id\":\"https:\/\/agriturismoacacia.com\/de\/#website\",\"url\":\"https:\/\/agriturismoacacia.com\/de\/\",\"name\":\"Agriturismo Acacia\",\"description\":\"Natura, tradizioni e gastronomia da scoprire\",\"potentialAction\":[{\"@type\":\"SearchAction\",\"target\":{\"@type\":\"EntryPoint\",\"urlTemplate\":\"https:\/\/agriturismoacacia.com\/de\/?s={search_term_string}\"},\"query-input\":\"required name=search_term_string\"}],\"inLanguage\":\"de-DE\"},{\"@type\":\"WebPage\",\"@id\":\"https:\/\/agriturismoacacia.com\/de\/#webpage\",\"url\":\"https:\/\/agriturismoacacia.com\/de\/\",\"name\":\"Agriturismo im Nationalpark Pollino - Agriturismo Acacia\",\"isPartOf\":{\"@id\":\"https:\/\/agriturismoacacia.com\/de\/#website\"},\"datePublished\":\"2019-07-02T13:35:04+00:00\",\"dateModified\":\"2019-07-02T15:09:44+00:00\",\"description\":\"Agriturismo im Nationalpark Pollino. Entdecken Sie lokale Traditionen und Gaumenfreuden und entspannen Sie sich, um wieder ganz zu sich selbst zu finden. In der N\u00e4he von Potenza.\",\"breadcrumb\":{\"@id\":\"https:\/\/agriturismoacacia.com\/de\/#breadcrumb\"},\"inLanguage\":\"de-DE\",\"potentialAction\":[{\"@type\":\"ReadAction\",\"target\":[\"https:\/\/agriturismoacacia.com\/de\/\"]}]},{\"@type\":\"BreadcrumbList\",\"@id\":\"https:\/\/agriturismoacacia.com\/de\/#breadcrumb\",\"itemListElement\":[{\"@type\":\"ListItem\",\"position\":1,\"name\":\"Home\",\"item\":\"https:\/\/agriturismoacacia.com\/de\/\"},{\"@type\":\"ListItem\",\"position\":2,\"name\":\"Home (DE)\"}]}]}<\/script>\n<!-- \/ Yoast SEO plugin. -->","yoast_head_json":{"title":"Agriturismo im Nationalpark Pollino - Agriturismo Acacia","description":"Agriturismo im Nationalpark Pollino. Entdecken Sie lokale Traditionen und Gaumenfreuden und entspannen Sie sich, um wieder ganz zu sich selbst zu finden. In der N\u00e4he von Potenza.","robots":{"index":"index","follow":"follow","max-snippet":"max-snippet:-1","max-image-preview":"max-image-preview:large","max-video-preview":"max-video-preview:-1"},"canonical":"https:\/\/agriturismoacacia.com\/de\/","og_locale":"de_DE","og_type":"article","og_title":"Agriturismo im Nationalpark Pollino - Agriturismo Acacia","og_description":"Agriturismo im Nationalpark Pollino. Entdecken Sie lokale Traditionen und Gaumenfreuden und entspannen Sie sich, um wieder ganz zu sich selbst zu finden. In der N\u00e4he von Potenza.","og_url":"https:\/\/agriturismoacacia.com\/de\/","og_site_name":"Agriturismo Acacia","article_modified_time":"2019-07-02T15:09:44+00:00","twitter_card":"summary_large_image","twitter_misc":{"Gesch\u00e4tzte Lesezeit":"8 Minuten"},"schema":{"@context":"https:\/\/schema.org","@graph":[{"@type":"WebSite","@id":"https:\/\/agriturismoacacia.com\/de\/#website","url":"https:\/\/agriturismoacacia.com\/de\/","name":"Agriturismo Acacia","description":"Natura, tradizioni e gastronomia da scoprire","potentialAction":[{"@type":"SearchAction","target":{"@type":"EntryPoint","urlTemplate":"https:\/\/agriturismoacacia.com\/de\/?s={search_term_string}"},"query-input":"required name=search_term_string"}],"inLanguage":"de-DE"},{"@type":"WebPage","@id":"https:\/\/agriturismoacacia.com\/de\/#webpage","url":"https:\/\/agriturismoacacia.com\/de\/","name":"Agriturismo im Nationalpark Pollino - Agriturismo Acacia","isPartOf":{"@id":"https:\/\/agriturismoacacia.com\/de\/#website"},"datePublished":"2019-07-02T13:35:04+00:00","dateModified":"2019-07-02T15:09:44+00:00","description":"Agriturismo im Nationalpark Pollino. Entdecken Sie lokale Traditionen und Gaumenfreuden und entspannen Sie sich, um wieder ganz zu sich selbst zu finden. In der N\u00e4he von Potenza.","breadcrumb":{"@id":"https:\/\/agriturismoacacia.com\/de\/#breadcrumb"},"inLanguage":"de-DE","potentialAction":[{"@type":"ReadAction","target":["https:\/\/agriturismoacacia.com\/de\/"]}]},{"@type":"BreadcrumbList","@id":"https:\/\/agriturismoacacia.com\/de\/#breadcrumb","itemListElement":[{"@type":"ListItem","position":1,"name":"Home","item":"https:\/\/agriturismoacacia.com\/de\/"},{"@type":"ListItem","position":2,"name":"Home (DE)"}]}]}},"_links":{"self":[{"href":"https:\/\/agriturismoacacia.com\/de\/wp-json\/wp\/v2\/pages\/451"}],"collection":[{"href":"https:\/\/agriturismoacacia.com\/de\/wp-json\/wp\/v2\/pages"}],"about":[{"href":"https:\/\/agriturismoacacia.com\/de\/wp-json\/wp\/v2\/types\/page"}],"author":[{"embeddable":true,"href":"https:\/\/agriturismoacacia.com\/de\/wp-json\/wp\/v2\/users\/1"}],"replies":[{"embeddable":true,"href":"https:\/\/agriturismoacacia.com\/de\/wp-json\/wp\/v2\/comments?post=451"}],"version-history":[{"count":0,"href":"https:\/\/agriturismoacacia.com\/de\/wp-json\/wp\/v2\/pages\/451\/revisions"}],"wp:attachment":[{"href":"https:\/\/agriturismoacacia.com\/de\/wp-json\/wp\/v2\/media?parent=451"}],"curies":[{"name":"wp","href":"https:\/\/api.w.org\/{rel}","templated":true}]}}